{"id":787,"date":"2025-10-25T08:19:54","date_gmt":"2025-10-25T08:19:54","guid":{"rendered":"https:\/\/primosten2.hooplakomunikacije.com\/?page_id=787"},"modified":"2025-10-25T12:57:55","modified_gmt":"2025-10-25T12:57:55","slug":"lokacija","status":"publish","type":"page","link":"https:\/\/primosten2.hooplakomunikacije.com\/en\/lokacija\/","title":{"rendered":"Lokacija"},"content":{"rendered":"<div data-elementor-type=\"wp-page\" data-elementor-id=\"787\" class=\"elementor elementor-787\" data-elementor-post-type=\"page\">\n\t\t\t\t<div data-particle_enable=\"false\" data-particle-mobile-disabled=\"false\" class=\"elementor-element elementor-element-f83c653 e-flex e-con-boxed e-con e-parent\" data-id=\"f83c653\" data-element_type=\"container\" data-settings=\"{&quot;background_background&quot;:&quot;slideshow&quot;,&quot;shape_divider_bottom&quot;:&quot;tilt&quot;,&quot;background_slideshow_gallery&quot;:[{&quot;id&quot;:1087,&quot;url&quot;:&quot;https:\\\/\\\/primosten2.hooplakomunikacije.com\\\/wp-content\\\/uploads\\\/2025\\\/10\\\/inovator_011.jpg&quot;}],&quot;background_slideshow_ken_burns&quot;:&quot;yes&quot;,&quot;background_slideshow_loop&quot;:&quot;yes&quot;,&quot;background_slideshow_slide_duration&quot;:5000,&quot;background_slideshow_slide_transition&quot;:&quot;fade&quot;,&quot;background_slideshow_transition_duration&quot;:500,&quot;background_slideshow_ken_burns_zoom_direction&quot;:&quot;in&quot;}\">\n\t\t\t\t\t<div class=\"e-con-inner\">\n\t\t\t\t<div class=\"elementor-shape elementor-shape-bottom\" aria-hidden=\"true\" data-negative=\"false\">\n\t\t\t<svg xmlns=\"http:\/\/www.w3.org\/2000\/svg\" viewbox=\"0 0 1000 100\" preserveaspectratio=\"none\">\n\t<path class=\"elementor-shape-fill\" d=\"M0,6V0h1000v100L0,6z\"\/>\n<\/svg>\t\t<\/div>\n\t\t\t\t<div class=\"elementor-element elementor-element-24559bb elementor-widget elementor-widget-heading\" data-id=\"24559bb\" data-element_type=\"widget\" data-widget_type=\"heading.default\">\n\t\t\t\t\t<h1 class=\"elementor-heading-title elementor-size-default\">LOKACIJA<\/h1>\t\t\t\t<\/div>\n\t\t\t\t\t<\/div>\n\t\t\t\t<\/div>\n\t\t<div data-particle_enable=\"false\" data-particle-mobile-disabled=\"false\" class=\"elementor-element elementor-element-629dced e-flex e-con-boxed e-con e-parent\" data-id=\"629dced\" data-element_type=\"container\">\n\t\t\t\t\t<div class=\"e-con-inner\">\n\t\t<div data-particle_enable=\"false\" data-particle-mobile-disabled=\"false\" class=\"elementor-element elementor-element-dae50a8 e-con-full e-flex e-con e-child\" data-id=\"dae50a8\" data-element_type=\"container\">\n\t\t\t\t<div class=\"elementor-element elementor-element-f5f6c90 elementor-widget elementor-widget-image\" data-id=\"f5f6c90\" data-element_type=\"widget\" data-widget_type=\"image.default\">\n\t\t\t\t\t\t\t\t\t\t\t\t\t\t\t<img fetchpriority=\"high\" decoding=\"async\" width=\"800\" height=\"450\" src=\"https:\/\/primosten2.hooplakomunikacije.com\/wp-content\/uploads\/2025\/10\/primosten2-1024x576.jpeg\" class=\"attachment-large size-large wp-image-779\" alt=\"\" srcset=\"https:\/\/primosten2.hooplakomunikacije.com\/wp-content\/uploads\/2025\/10\/primosten2-1024x576.jpeg 1024w, https:\/\/primosten2.hooplakomunikacije.com\/wp-content\/uploads\/2025\/10\/primosten2-300x169.jpeg 300w, https:\/\/primosten2.hooplakomunikacije.com\/wp-content\/uploads\/2025\/10\/primosten2-768x432.jpeg 768w, https:\/\/primosten2.hooplakomunikacije.com\/wp-content\/uploads\/2025\/10\/primosten2-18x10.jpeg 18w, https:\/\/primosten2.hooplakomunikacije.com\/wp-content\/uploads\/2025\/10\/primosten2.jpeg 1080w\" sizes=\"(max-width: 800px) 100vw, 800px\" \/>\t\t\t\t\t\t\t\t\t\t\t\t\t\t\t<\/div>\n\t\t\t\t<\/div>\n\t\t<div data-particle_enable=\"false\" data-particle-mobile-disabled=\"false\" class=\"elementor-element elementor-element-136e576 e-con-full e-flex e-con e-child\" data-id=\"136e576\" data-element_type=\"container\">\n\t\t\t\t<div class=\"elementor-element elementor-element-9ce38cf elementor-widget elementor-widget-text-editor\" data-id=\"9ce38cf\" data-element_type=\"widget\" data-widget_type=\"text-editor.default\">\n\t\t\t\t\t\t\t\t\t<p><strong>U srcu Dalmacije \u2013 tamo gdje more i \u017eivot imaju poseban ritam<\/strong><br \/>Smje\u0161ten izme\u0111u \u0160ibenika i Splita, na jednoj od najljep\u0161ih obala Jadrana, LUMORA Primo\u0161ten Living nalazi se na mjestu koje spaja prirodnu ljepotu, autenti\u010dnost i lako\u0107u \u017eivljenja. Primo\u0161ten je mediteranski dragulj poznat po slikovitim kamenim ulicama, kristalno \u010distom moru i spektakularnim zalascima sunca. Grad s du\u0161om, u kojem se pro\u0161lost i suvremenost susre\u0107u u savr\u0161enom skladu. Ovdje se ritam \u017eivota usporava, a svaka \u0161etnja uz more podsje\u0107a na jednostavne u\u017eitke \u2013 miris borova, zvuk valova i pogled koji smiruje.<\/p><p><strong>Primo\u0161ten \u2013 autenti\u010dan, opu\u0161ten, mediteranski<\/strong><br \/>Primo\u0161ten je prepoznat po svojoj jedinstvenoj starogradskoj jezgri na oto\u010di\u0107u, simbolu dalmatinskog \u0161arma. Uz bogatu gastronomsku ponudu, vinske tradicije i jedinstvene kilometarske pje\u0161\u010dane pla\u017ee, ovo je mjesto koje prirodno spaja mir i \u017eivost. Primo\u0161ten\u00a0 odi\u0161e jednostavno\u0161\u0107u i kvalitetom \u017eivota.<\/p>\t\t\t\t\t\t\t\t<\/div>\n\t\t\t\t<\/div>\n\t\t<div data-particle_enable=\"false\" data-particle-mobile-disabled=\"false\" class=\"elementor-element elementor-element-2517d35 e-con-full e-flex e-con e-child\" data-id=\"2517d35\" data-element_type=\"container\">\n\t\t\t\t<div class=\"elementor-element elementor-element-0bf8036 elementor-widget elementor-widget-text-editor\" data-id=\"0bf8036\" data-element_type=\"widget\" data-widget_type=\"text-editor.default\">\n\t\t\t\t\t\t\t\t\t<p><strong>U blizini kulturnih i prirodnih bisera<\/strong><br \/>Samo nekoliko minuta vo\u017enje dijeli Primo\u0161ten od \u0160ibenika, grada s \u010dak dva UNESCO spomenika svjetske ba\u0161tine: veli\u010danstvene Katedrale sv. Jakova, remek-djela renesansne gradnje, te Tvr\u0111ave sv. Nikole, jedinstvenog obrambenog spomenika smje\u0161tenog na ulazu u \u0161ibenski kanal. U blizini se nalaze i dva nacionalna parka \u2013 Krka, sa svojim poznatim slapovima i \u0161etnicama uz rijeku, te Kornati, arhipelag od 89 otoka koji oduzima dah svojom ljepotom i netaknutom prirodom. Na dohvat su ruke i slikovita dalmatinska mjesta poput Rogoznice, Trogira i Splita, dok planinsko zale\u0111e nudi autenti\u010dna iskustva unutra\u0161nje Dalmacije.<\/p><p><strong>Izvrsna prometna povezanost<\/strong><br \/>LUMORA Primo\u0161ten Living smje\u0161tena je izme\u0111u dvije me\u0111unarodne zra\u010dne luke: <strong>Zra\u010dna luka Split<\/strong> \u2013 udaljena oko 40 minuta vo\u017enje i <strong>Zra\u010dna luka Zadar<\/strong> \u2013 oko sat vremena vo\u017enje sjeverno. \u00a0Blizina autoceste A1 i glavne jadranske magistrale omogu\u0107uje jednostavan pristup iz svih smjerova Hrvatske i Europe, \u010dine\u0107i Primo\u0161ten lako dostupnim, ali dovoljno izdvojenim da zadr\u017ei svoj mir i autenti\u010dnost.<\/p>\t\t\t\t\t\t\t\t<\/div>\n\t\t\t\t<\/div>\n\t\t<div data-particle_enable=\"false\" data-particle-mobile-disabled=\"false\" class=\"elementor-element elementor-element-b19ad93 e-con-full e-flex e-con e-child\" data-id=\"b19ad93\" data-element_type=\"container\">\n\t\t\t\t<div class=\"elementor-element elementor-element-56a013d elementor-widget elementor-widget-text-editor\" data-id=\"56a013d\" data-element_type=\"widget\" data-widget_type=\"text-editor.default\">\n\t\t\t\t\t\t\t\t\t<p><strong>Blizina povijesnih gradova<\/strong><\/p><p>LUMORA Primo\u0161ten Living smje\u0161tena je na idealnoj to\u010dki izme\u0111u nekoliko povijesnih dragulja Jadrana:<br \/><strong>\u0160ibenik<\/strong>, samo 20 minuta vo\u017enje, grad s dva UNESCO spomenika svjetske ba\u0161tine \u2013 Katedralom sv. Jakova i Tvr\u0111avom sv. Nikole.<br \/><strong>Trogir<\/strong>, povijesni grad pod za\u0161titom UNESCO-a, udaljen manje od 40 minuta, poznat po svojoj renesansnoj jezgri i kamenim ulicama.<br \/><strong>Split<\/strong>, \u017eivopisno urbano sredi\u0161te i dom Dioklecijanove pala\u010de, udaljen je manje od sat vremena vo\u017enje.<br \/><strong>Zadar<\/strong>, grad s bogatom rimskom i srednjovjekovnom povije\u0161\u0107u te suvremenim atrakcijama poput Pozdrava suncu i Morskih orgulja, nalazi se oko sat vremena sjeverno.<\/p><p><strong>Dalmacija \u2013 srce Mediterana<\/strong><br \/>Ovdje, u srcu Dalmacije, priroda i kultura \u017eive u savr\u0161enom skladu. More, kamen, svjetlost i naslije\u0111e tisu\u0107ljetne povijesti isprepli\u0107u se u svakom detalju. To je prostor koji nadahnjuje \u2013 mjesto koje nudi slobodu, autenti\u010dnost i osje\u0107aj doma, bez obzira odakle dolazite. <strong>LUMORA Primo\u0161ten Living savr\u0161eno se uklapa u taj ambijent &#8211; jedinstvena lokacija omogu\u0107uje stanovnicima LUMORE da u kratkom vremenu u\u017eivaju u svemu \u0161to Dalmacija nudi \u2014 od mirnih uvala i netaknute prirode do kulturnih doga\u0111anja i urbanog \u017eivota.<\/strong><\/p>\t\t\t\t\t\t\t\t<\/div>\n\t\t\t\t<\/div>\n\t\t<div data-particle_enable=\"false\" data-particle-mobile-disabled=\"false\" class=\"elementor-element elementor-element-ec5f6a1 e-con-full e-flex e-con e-child\" data-id=\"ec5f6a1\" data-element_type=\"container\">\n\t\t\t\t<div class=\"elementor-element elementor-element-d4952cd elementor-widget elementor-widget-image\" data-id=\"d4952cd\" data-element_type=\"widget\" data-widget_type=\"image.default\">\n\t\t\t\t\t\t\t\t\t\t\t\t\t\t\t<img decoding=\"async\" width=\"800\" height=\"800\" src=\"https:\/\/primosten2.hooplakomunikacije.com\/wp-content\/uploads\/2025\/10\/524388872_1182280287276904_3026606342452586164_n-1024x1024.jpg\" class=\"attachment-large size-large wp-image-978\" alt=\"\" srcset=\"https:\/\/primosten2.hooplakomunikacije.com\/wp-content\/uploads\/2025\/10\/524388872_1182280287276904_3026606342452586164_n-1024x1024.jpg 1024w, https:\/\/primosten2.hooplakomunikacije.com\/wp-content\/uploads\/2025\/10\/524388872_1182280287276904_3026606342452586164_n-300x300.jpg 300w, https:\/\/primosten2.hooplakomunikacije.com\/wp-content\/uploads\/2025\/10\/524388872_1182280287276904_3026606342452586164_n-150x150.jpg 150w, https:\/\/primosten2.hooplakomunikacije.com\/wp-content\/uploads\/2025\/10\/524388872_1182280287276904_3026606342452586164_n-768x768.jpg 768w, https:\/\/primosten2.hooplakomunikacije.com\/wp-content\/uploads\/2025\/10\/524388872_1182280287276904_3026606342452586164_n-12x12.jpg 12w, https:\/\/primosten2.hooplakomunikacije.com\/wp-content\/uploads\/2025\/10\/524388872_1182280287276904_3026606342452586164_n.jpg 1080w\" sizes=\"(max-width: 800px) 100vw, 800px\" \/>\t\t\t\t\t\t\t\t\t\t\t\t\t\t\t<\/div>\n\t\t\t\t<\/div>\n\t\t\t\t\t<\/div>\n\t\t\t\t<\/div>\n\t\t\t\t<\/div>","protected":false},"excerpt":{"rendered":"<p>LOKACIJA U srcu Dalmacije \u2013 tamo gdje more i \u017eivot imaju poseban ritamSmje\u0161ten izme\u0111u \u0160ibenika i Splita, na jednoj od najljep\u0161ih obala Jadrana, LUMORA Primo\u0161ten Living nalazi se na mjestu koje spaja prirodnu ljepotu, autenti\u010dnost i lako\u0107u \u017eivljenja. Primo\u0161ten je mediteranski dragulj poznat po slikovitim kamenim ulicama, kristalno \u010distom moru i spektakularnim zalascima sunca. Grad [&hellip;]<\/p>","protected":false},"author":1,"featured_media":0,"parent":0,"menu_order":0,"comment_status":"closed","ping_status":"closed","template":"elementor_theme","meta":{"footnotes":""},"class_list":["post-787","page","type-page","status-publish","hentry"],"_links":{"self":[{"href":"https:\/\/primosten2.hooplakomunikacije.com\/en\/wp-json\/wp\/v2\/pages\/787","targetHints":{"allow":["GET"]}}],"collection":[{"href":"https:\/\/primosten2.hooplakomunikacije.com\/en\/wp-json\/wp\/v2\/pages"}],"about":[{"href":"https:\/\/primosten2.hooplakomunikacije.com\/en\/wp-json\/wp\/v2\/types\/page"}],"author":[{"embeddable":true,"href":"https:\/\/primosten2.hooplakomunikacije.com\/en\/wp-json\/wp\/v2\/users\/1"}],"replies":[{"embeddable":true,"href":"https:\/\/primosten2.hooplakomunikacije.com\/en\/wp-json\/wp\/v2\/comments?post=787"}],"version-history":[{"count":5,"href":"https:\/\/primosten2.hooplakomunikacije.com\/en\/wp-json\/wp\/v2\/pages\/787\/revisions"}],"predecessor-version":[{"id":1118,"href":"https:\/\/primosten2.hooplakomunikacije.com\/en\/wp-json\/wp\/v2\/pages\/787\/revisions\/1118"}],"wp:attachment":[{"href":"https:\/\/primosten2.hooplakomunikacije.com\/en\/wp-json\/wp\/v2\/media?parent=787"}],"curies":[{"name":"wp","href":"https:\/\/api.w.org\/{rel}","templated":true}]}}