{"id":729,"date":"2025-10-22T18:33:14","date_gmt":"2025-10-22T18:33:14","guid":{"rendered":"https:\/\/primosten2.hooplakomunikacije.com\/?page_id=729"},"modified":"2025-10-25T12:57:03","modified_gmt":"2025-10-25T12:57:03","slug":"o-projektu","status":"publish","type":"page","link":"https:\/\/primosten2.hooplakomunikacije.com\/en\/o-projektu\/","title":{"rendered":"O Projektu"},"content":{"rendered":"<div data-elementor-type=\"wp-page\" data-elementor-id=\"729\" class=\"elementor elementor-729\" data-elementor-post-type=\"page\">\n\t\t\t\t<div data-particle_enable=\"false\" data-particle-mobile-disabled=\"false\" class=\"elementor-element elementor-element-f83c653 e-flex e-con-boxed e-con e-parent\" data-id=\"f83c653\" data-element_type=\"container\" data-settings=\"{&quot;background_background&quot;:&quot;slideshow&quot;,&quot;shape_divider_bottom&quot;:&quot;tilt&quot;,&quot;background_slideshow_gallery&quot;:[{&quot;id&quot;:439,&quot;url&quot;:&quot;https:\\\/\\\/primosten2.hooplakomunikacije.com\\\/wp-content\\\/uploads\\\/2025\\\/08\\\/Zgrada-01_katalog-stanova_jk_page-0046-scaled-1.jpg&quot;},{&quot;id&quot;:440,&quot;url&quot;:&quot;https:\\\/\\\/primosten2.hooplakomunikacije.com\\\/wp-content\\\/uploads\\\/2025\\\/08\\\/Zgrada-01_katalog-stanova_jk_page-0056-scaled-1.jpg&quot;}],&quot;background_slideshow_ken_burns&quot;:&quot;yes&quot;,&quot;background_slideshow_loop&quot;:&quot;yes&quot;,&quot;background_slideshow_slide_duration&quot;:5000,&quot;background_slideshow_slide_transition&quot;:&quot;fade&quot;,&quot;background_slideshow_transition_duration&quot;:500,&quot;background_slideshow_ken_burns_zoom_direction&quot;:&quot;in&quot;}\">\n\t\t\t\t\t<div class=\"e-con-inner\">\n\t\t\t\t<div class=\"elementor-shape elementor-shape-bottom\" aria-hidden=\"true\" data-negative=\"false\">\n\t\t\t<svg xmlns=\"http:\/\/www.w3.org\/2000\/svg\" viewbox=\"0 0 1000 100\" preserveaspectratio=\"none\">\n\t<path class=\"elementor-shape-fill\" d=\"M0,6V0h1000v100L0,6z\"\/>\n<\/svg>\t\t<\/div>\n\t\t\t\t<div class=\"elementor-element elementor-element-24559bb elementor-widget elementor-widget-heading\" data-id=\"24559bb\" data-element_type=\"widget\" data-widget_type=\"heading.default\">\n\t\t\t\t\t<h1 class=\"elementor-heading-title elementor-size-default\">O PROJEKTU<\/h1>\t\t\t\t<\/div>\n\t\t\t\t\t<\/div>\n\t\t\t\t<\/div>\n\t\t<div data-particle_enable=\"false\" data-particle-mobile-disabled=\"false\" class=\"elementor-element elementor-element-45eb9f4 e-flex e-con-boxed e-con e-parent\" data-id=\"45eb9f4\" data-element_type=\"container\">\n\t\t\t\t\t<div class=\"e-con-inner\">\n\t\t<div data-particle_enable=\"false\" data-particle-mobile-disabled=\"false\" class=\"elementor-element elementor-element-fc59f37 e-con-full e-flex e-con e-child\" data-id=\"fc59f37\" data-element_type=\"container\">\n\t\t\t\t<div class=\"elementor-element elementor-element-372c170 elementor-widget elementor-widget-image\" data-id=\"372c170\" data-element_type=\"widget\" data-widget_type=\"image.default\">\n\t\t\t\t\t\t\t\t\t\t\t\t\t\t\t<img fetchpriority=\"high\" decoding=\"async\" width=\"800\" height=\"599\" src=\"https:\/\/primosten2.hooplakomunikacije.com\/wp-content\/uploads\/2025\/10\/WhatsApp-Slika-2025-10-25-u-12.44.01_91fb8f95-1024x767.jpg\" class=\"attachment-large size-large wp-image-1109\" alt=\"\" srcset=\"https:\/\/primosten2.hooplakomunikacije.com\/wp-content\/uploads\/2025\/10\/WhatsApp-Slika-2025-10-25-u-12.44.01_91fb8f95-1024x767.jpg 1024w, https:\/\/primosten2.hooplakomunikacije.com\/wp-content\/uploads\/2025\/10\/WhatsApp-Slika-2025-10-25-u-12.44.01_91fb8f95-300x225.jpg 300w, https:\/\/primosten2.hooplakomunikacije.com\/wp-content\/uploads\/2025\/10\/WhatsApp-Slika-2025-10-25-u-12.44.01_91fb8f95-768x576.jpg 768w, https:\/\/primosten2.hooplakomunikacije.com\/wp-content\/uploads\/2025\/10\/WhatsApp-Slika-2025-10-25-u-12.44.01_91fb8f95-1536x1151.jpg 1536w, https:\/\/primosten2.hooplakomunikacije.com\/wp-content\/uploads\/2025\/10\/WhatsApp-Slika-2025-10-25-u-12.44.01_91fb8f95-16x12.jpg 16w, https:\/\/primosten2.hooplakomunikacije.com\/wp-content\/uploads\/2025\/10\/WhatsApp-Slika-2025-10-25-u-12.44.01_91fb8f95.jpg 1600w\" sizes=\"(max-width: 800px) 100vw, 800px\" \/>\t\t\t\t\t\t\t\t\t\t\t\t\t\t\t<\/div>\n\t\t\t\t<\/div>\n\t\t<div data-particle_enable=\"false\" data-particle-mobile-disabled=\"false\" class=\"elementor-element elementor-element-c58d73c e-con-full e-flex e-con e-child\" data-id=\"c58d73c\" data-element_type=\"container\">\n\t\t\t\t<div class=\"elementor-element elementor-element-77fca5a elementor-widget elementor-widget-text-editor\" data-id=\"77fca5a\" data-element_type=\"widget\" data-widget_type=\"text-editor.default\">\n\t\t\t\t\t\t\t\t\t<p>Na uzvi\u0161enju iznad Primo\u0161tena, gdje se plavetnilo mora stapa s nebom, nastaje LUMORA Primo\u0161ten Living \u2013 suvremeni rezidencijalni projekt koji donosi novi standard \u017eivota na Jadranu. Mjesto gdje se svjetlost, prostor i mir spajaju u skladnu cjelinu, stvaraju\u0107i jedinstveno iskustvo stanovanja.<\/p><p><strong>Prostor oblikovan svjetlo\u0161\u0107u i pogledom<\/strong><\/p><p>LUMORA nije samo arhitektonski projekt \u2013 to je osje\u0107aj i na\u010din \u017eivota. Osmi\u0161ljena je za one koji tra\u017ee vi\u0161e od doma \u2013 za one koji \u017eele prostor koji di\u0161e s prirodom, u kojem svaka terasa i svaka linija imaju svoj smisao. Panoramski pogled na more prote\u017ee se u beskraj, dok sun\u010deva svjetlost i zlatni odsjaji zalaska stvaraju savr\u0161enu pozadinu svakog dana.<\/p>\t\t\t\t\t\t\t\t<\/div>\n\t\t\t\t<\/div>\n\t\t<div data-particle_enable=\"false\" data-particle-mobile-disabled=\"false\" class=\"elementor-element elementor-element-6ff7f0f e-con-full e-flex e-con e-child\" data-id=\"6ff7f0f\" data-element_type=\"container\">\n\t\t\t\t<div class=\"elementor-element elementor-element-cfd19b9 elementor-widget elementor-widget-text-editor\" data-id=\"cfd19b9\" data-element_type=\"widget\" data-widget_type=\"text-editor.default\">\n\t\t\t\t\t\t\t\t\t<p><strong>Arhitektura u harmoniji s prirodom<\/strong><\/p><p>Projekt se temelji na jednostavnosti i eleganciji. \u010ciste linije, prirodni materijali poput kamena, drva i stakla te topla paleta tonova stvaraju osje\u0107aj lako\u0107e i prozra\u010dnosti. Svaki prostor otvoren je prema moru, s maksimalnim prodorom svjetlosti i pogledom koji oduzima dah.\u00a0U sredi\u0161tu projekta nalazi se ideja suvremenog, odr\u017eivog i mirnog \u017eivota, gdje se arhitektura ne natje\u010de s prirodom \u2013 ve\u0107 joj se prilago\u0111ava.<\/p><p><strong>Suvremeni luksuz s mediteranskim duhom<\/strong><\/p><p>LUMORA Primo\u0161ten Living uklju\u010duje prostrane stambene jedinice, privatne vrtove i zajedni\u010dke zone za opu\u0161tanje i rekreaciju. Okoli\u0161 je oblikovan s pa\u017enjom, s mediteranskim raslinjem, \u0161etnicama i tihim zonama koje poti\u010du osje\u0107aj mira i pripadnosti prostoru. Ovdje luksuz nije stvar rasko\u0161i, nego kvalitete, udobnosti i osje\u0107aja slobode. Sve je promi\u0161ljeno da pru\u017ei ravnote\u017eu izme\u0111u modernog na\u010dina \u017eivota i iskonske topline Mediterana.<\/p>\t\t\t\t\t\t\t\t<\/div>\n\t\t\t\t<\/div>\n\t\t<div data-particle_enable=\"false\" data-particle-mobile-disabled=\"false\" class=\"elementor-element elementor-element-7bbdac7 e-con-full e-flex e-con e-child\" data-id=\"7bbdac7\" data-element_type=\"container\">\n\t\t\t\t<div class=\"elementor-element elementor-element-6a8fdde elementor-widget elementor-widget-text-editor\" data-id=\"6a8fdde\" data-element_type=\"widget\" data-widget_type=\"text-editor.default\">\n\t\t\t\t\t\t\t\t\t<p><strong>Zna\u010denje imena LUMORA<\/strong><\/p><p>Naziv LUMORA u sebi nosi simboliku svjetlosti i mora:\u00a0\u00a0<span style=\"font-size: 1rem;\">\u201cLumen\u201d \u2013 svjetlost, toplina i energija sunca.\u00a0\u00a0<\/span><span style=\"font-size: 1rem;\">\u201cOra\u201d \u2013 dah, aura, more i zlatni sjaj zalaska.\u00a0<\/span><span style=\"font-size: 1rem;\">Zajedno stvaraju pojam koji utjelovljuje duh projekta \u2013 svijetao, miran i profinjen.<\/span><\/p><p><strong>Mjesto koje se \u017eivi<\/strong><\/p><p>LUMORA Primo\u0161ten Living nije samo adresa, nego do\u017eivljaj. Mjesto gdje se dani mjere svjetlom, gdje more di\u0161e ispod vas, a ti\u0161ina postaje luksuz. To je mediteranska pri\u010da ispri\u010dana kroz svjetlost, prostor i mir \u2013 iskustvo modernog \u017eivljenja s pogledom koji oduzima dah.<\/p>\t\t\t\t\t\t\t\t<\/div>\n\t\t\t\t<\/div>\n\t\t<div data-particle_enable=\"false\" data-particle-mobile-disabled=\"false\" class=\"elementor-element elementor-element-36db84d e-con-full e-flex e-con e-child\" data-id=\"36db84d\" data-element_type=\"container\">\n\t\t\t\t<div class=\"elementor-element elementor-element-1a3956f elementor-widget elementor-widget-image\" data-id=\"1a3956f\" data-element_type=\"widget\" data-widget_type=\"image.default\">\n\t\t\t\t\t\t\t\t\t\t\t\t\t\t\t<img decoding=\"async\" width=\"800\" height=\"450\" src=\"https:\/\/primosten2.hooplakomunikacije.com\/wp-content\/uploads\/2025\/08\/Zgrada-01_katalog-stanova_jk_page-0046-scaled-1-1024x576.jpg\" class=\"attachment-large size-large wp-image-439\" alt=\"\" srcset=\"https:\/\/primosten2.hooplakomunikacije.com\/wp-content\/uploads\/2025\/08\/Zgrada-01_katalog-stanova_jk_page-0046-scaled-1-1024x576.jpg 1024w, https:\/\/primosten2.hooplakomunikacije.com\/wp-content\/uploads\/2025\/08\/Zgrada-01_katalog-stanova_jk_page-0046-scaled-1-300x169.jpg 300w, https:\/\/primosten2.hooplakomunikacije.com\/wp-content\/uploads\/2025\/08\/Zgrada-01_katalog-stanova_jk_page-0046-scaled-1-768x432.jpg 768w, https:\/\/primosten2.hooplakomunikacije.com\/wp-content\/uploads\/2025\/08\/Zgrada-01_katalog-stanova_jk_page-0046-scaled-1-1536x864.jpg 1536w, https:\/\/primosten2.hooplakomunikacije.com\/wp-content\/uploads\/2025\/08\/Zgrada-01_katalog-stanova_jk_page-0046-scaled-1-2048x1152.jpg 2048w\" sizes=\"(max-width: 800px) 100vw, 800px\" \/>\t\t\t\t\t\t\t\t\t\t\t\t\t\t\t<\/div>\n\t\t\t\t<\/div>\n\t\t\t\t\t<\/div>\n\t\t\t\t<\/div>\n\t\t\t\t<\/div>","protected":false},"excerpt":{"rendered":"<p>O PROJEKTU Na uzvi\u0161enju iznad Primo\u0161tena, gdje se plavetnilo mora stapa s nebom, nastaje LUMORA Primo\u0161ten Living \u2013 suvremeni rezidencijalni projekt koji donosi novi standard \u017eivota na Jadranu. Mjesto gdje se svjetlost, prostor i mir spajaju u skladnu cjelinu, stvaraju\u0107i jedinstveno iskustvo stanovanja. Prostor oblikovan svjetlo\u0161\u0107u i pogledom LUMORA nije samo arhitektonski projekt \u2013 to [&hellip;]<\/p>","protected":false},"author":1,"featured_media":0,"parent":0,"menu_order":0,"comment_status":"closed","ping_status":"closed","template":"elementor_theme","meta":{"footnotes":""},"class_list":["post-729","page","type-page","status-publish","hentry"],"_links":{"self":[{"href":"https:\/\/primosten2.hooplakomunikacije.com\/en\/wp-json\/wp\/v2\/pages\/729","targetHints":{"allow":["GET"]}}],"collection":[{"href":"https:\/\/primosten2.hooplakomunikacije.com\/en\/wp-json\/wp\/v2\/pages"}],"about":[{"href":"https:\/\/primosten2.hooplakomunikacije.com\/en\/wp-json\/wp\/v2\/types\/page"}],"author":[{"embeddable":true,"href":"https:\/\/primosten2.hooplakomunikacije.com\/en\/wp-json\/wp\/v2\/users\/1"}],"replies":[{"embeddable":true,"href":"https:\/\/primosten2.hooplakomunikacije.com\/en\/wp-json\/wp\/v2\/comments?post=729"}],"version-history":[{"count":5,"href":"https:\/\/primosten2.hooplakomunikacije.com\/en\/wp-json\/wp\/v2\/pages\/729\/revisions"}],"predecessor-version":[{"id":1112,"href":"https:\/\/primosten2.hooplakomunikacije.com\/en\/wp-json\/wp\/v2\/pages\/729\/revisions\/1112"}],"wp:attachment":[{"href":"https:\/\/primosten2.hooplakomunikacije.com\/en\/wp-json\/wp\/v2\/media?parent=729"}],"curies":[{"name":"wp","href":"https:\/\/api.w.org\/{rel}","templated":true}]}}